{"id":1534,"date":"2024-01-17T09:14:25","date_gmt":"2024-01-17T09:14:25","guid":{"rendered":"http:\/\/sorbis.lt\/?page_id=1534"},"modified":"2024-12-05T19:42:20","modified_gmt":"2024-12-05T16:42:20","slug":"terms-and-conditions","status":"publish","type":"page","link":"https:\/\/sorbis.lt\/lt\/terms-and-conditions\/","title":{"rendered":"Taisykl\u0117s ir s\u0105lygos"},"content":{"rendered":"<div data-elementor-type=\"wp-page\" data-elementor-id=\"1534\" class=\"elementor elementor-1534\" data-elementor-post-type=\"page\">\n\t\t\t\t\t\t<section class=\"elementor-section elementor-top-section elementor-element elementor-element-1d1ae22 elementor-section-boxed elementor-section-height-default elementor-section-height-default\" data-id=\"1d1ae22\" data-element_type=\"section\" data-settings=\"{&quot;wdt_bg_image&quot;:{&quot;url&quot;:&quot;&quot;,&quot;id&quot;:&quot;&quot;,&quot;size&quot;:&quot;&quot;},&quot;wdt_bg_image_laptop&quot;:{&quot;url&quot;:&quot;&quot;,&quot;id&quot;:&quot;&quot;,&quot;size&quot;:&quot;&quot;},&quot;wdt_bg_image_tablet_extra&quot;:{&quot;url&quot;:&quot;&quot;,&quot;id&quot;:&quot;&quot;,&quot;size&quot;:&quot;&quot;},&quot;wdt_bg_image_tablet&quot;:{&quot;url&quot;:&quot;&quot;,&quot;id&quot;:&quot;&quot;,&quot;size&quot;:&quot;&quot;},&quot;wdt_bg_image_mobile_extra&quot;:{&quot;url&quot;:&quot;&quot;,&quot;id&quot;:&quot;&quot;,&quot;size&quot;:&quot;&quot;},&quot;wdt_bg_image_mobile&quot;:{&quot;url&quot;:&quot;&quot;,&quot;id&quot;:&quot;&quot;,&quot;size&quot;:&quot;&quot;},&quot;wdt_bg_position&quot;:&quot;center center&quot;,&quot;wdt_animation_effect&quot;:&quot;none&quot;,&quot;ekit_has_onepagescroll_dot&quot;:&quot;yes&quot;}\">\n\t\t\t\t\t\t<div class=\"elementor-container elementor-column-gap-default\">\n\t\t\t\t\t<div class=\"elementor-column elementor-col-100 elementor-top-column elementor-element elementor-element-f53ea0f\" data-id=\"f53ea0f\" data-element_type=\"column\">\n\t\t\t<div class=\"elementor-widget-wrap elementor-element-populated\">\n\t\t\t\t\t\t<div class=\"elementor-element elementor-element-821821c elementor-widget elementor-widget-heading\" data-id=\"821821c\" data-element_type=\"widget\" data-settings=\"{&quot;ekit_we_effect_on&quot;:&quot;none&quot;,&quot;wdt_animation_effect&quot;:&quot;none&quot;}\" data-widget_type=\"heading.default\">\n\t\t\t\t<div class=\"elementor-widget-container\">\n\t\t\t<h2 class=\"elementor-heading-title elementor-size-default\">Augintini\u0173 vie\u0161bu\u010dio \"Sorbis\" taisykl\u0117s<\/h2>\t\t<\/div>\n\t\t\t\t<\/div>\n\t\t\t\t\t<\/div>\n\t\t<\/div>\n\t\t\t\t\t<\/div>\n\t\t<\/section>\n\t\t\t\t<section class=\"elementor-section elementor-top-section elementor-element elementor-element-4868f7b elementor-section-boxed elementor-section-height-default elementor-section-height-default\" data-id=\"4868f7b\" data-element_type=\"section\" data-settings=\"{&quot;wdt_bg_image&quot;:{&quot;url&quot;:&quot;&quot;,&quot;id&quot;:&quot;&quot;,&quot;size&quot;:&quot;&quot;},&quot;wdt_bg_image_laptop&quot;:{&quot;url&quot;:&quot;&quot;,&quot;id&quot;:&quot;&quot;,&quot;size&quot;:&quot;&quot;},&quot;wdt_bg_image_tablet_extra&quot;:{&quot;url&quot;:&quot;&quot;,&quot;id&quot;:&quot;&quot;,&quot;size&quot;:&quot;&quot;},&quot;wdt_bg_image_tablet&quot;:{&quot;url&quot;:&quot;&quot;,&quot;id&quot;:&quot;&quot;,&quot;size&quot;:&quot;&quot;},&quot;wdt_bg_image_mobile_extra&quot;:{&quot;url&quot;:&quot;&quot;,&quot;id&quot;:&quot;&quot;,&quot;size&quot;:&quot;&quot;},&quot;wdt_bg_image_mobile&quot;:{&quot;url&quot;:&quot;&quot;,&quot;id&quot;:&quot;&quot;,&quot;size&quot;:&quot;&quot;},&quot;wdt_bg_position&quot;:&quot;center center&quot;,&quot;wdt_animation_effect&quot;:&quot;none&quot;,&quot;ekit_has_onepagescroll_dot&quot;:&quot;yes&quot;}\">\n\t\t\t\t\t\t<div class=\"elementor-container elementor-column-gap-default\">\n\t\t\t\t\t<div class=\"elementor-column elementor-col-100 elementor-top-column elementor-element elementor-element-d658799\" data-id=\"d658799\" data-element_type=\"column\">\n\t\t\t<div class=\"elementor-widget-wrap elementor-element-populated\">\n\t\t\t\t\t\t<div class=\"elementor-element elementor-element-906027c elementor-widget elementor-widget-text-editor\" data-id=\"906027c\" data-element_type=\"widget\" data-settings=\"{&quot;ekit_we_effect_on&quot;:&quot;none&quot;,&quot;wdt_animation_effect&quot;:&quot;none&quot;}\" data-widget_type=\"text-editor.default\">\n\t\t\t\t<div class=\"elementor-widget-container\">\n\t\t\t\t\t\t\t<p><strong>Gyv\u016bn\u0173 pri\u0117mimo ir atsi\u0117mimo taisykl\u0117s:<\/strong><br \/>Vie\u0161butis priima tik tuos gyv\u016bnus, kurie n\u0117ra agresyv\u016bs \u017emon\u0117ms.<br \/>Vie\u0161butyje gali b\u016bti laikinai apgyvendinami ir pri\u017ei\u016brimi augintiniai ne jaunesni kaip 6 m\u0117nesi\u0173.<br \/>Vie\u0161butyje yra priimami tik vakcinuoti \u0161unys ir kat\u0117s.<br \/>\u0160unys ir kat\u0117s privalo b\u016bti vakcinuoti nuo pasiutlig\u0117s;<br \/>\u0160unys privalo b\u016bti vakcinuoti nuo m\u0117s\u0117d\u017ei\u0173 maro, m\u0117s\u0117d\u017ei\u0173 virusinio enterito ir infekcinio<br \/>hepatito;<br \/>Kat\u0117s privalo b\u016bti vakcinuotos nuo kaliciviroz\u0117s, infekcinio rinotracheito, panleukopenijos ir<br \/>leukemijos.<br \/>\u0160uns ar kat\u0117s pri\u0117mimo \u012f Vie\u0161but\u012f dien\u0105 turi b\u016bti pra\u0117j\u0119s vakcinos gamintojo<br \/>informaciniame lapelyje nustatytas laikotarpis imunitetui susidaryti ir vakcina turi b\u016bti<br \/>galiojanti vis\u0105 gyv\u016bno laikinos prie\u017ei\u016bros Vie\u0161butyje laikotarp\u012f.<\/p><p>Priimami \u0161unys ir kat\u0117s turi b\u016bti registruojami teis\u0117s aktuose nustatyta tvarka ir pa\u017eenklinti<br \/>poodine mikroschema arba ai\u0161kiai \u012fskaitoma tatuiruote.<br \/>Vie\u0161butis neturi galimybi\u0173 priimti:<br \/>\u017emogui agresyvi\u0173 augintini\u0173, sergan\u010di\u0173 u\u017ekre\u010diamomis ligomis augintini\u0173, rujojan\u010di\u0173<br \/>kaly\u010di\u0173, nekastruot\u0173 katin\u0173, perd\u0117t\u0105 i\u0161siskyrimo nerim\u0105 jau\u010dian\u010dius augintinius.<br \/>Augintinis i\u0161 Vie\u0161bu\u010dio turi b\u016bti i\u0161registruojamas su Klientu sutart\u0105 dien\u0105 ir ne v\u0117liau kaip<br \/>22 val., jeigu Klientas su Vie\u0161bu\u010diu nebuvo susitar\u0119s d\u0117l kitokio individualaus<br \/>i\u0161registravimo laiko, kuris gali b\u016bti apmokestinamas papildomai.<br \/>Augintinis Vie\u0161butyje registruojamas nuo 7 iki 22 val., jeigu Klientas su Vie\u0161bu\u010diu nebuvo<br \/>susitar\u0119s d\u0117l kitokio individualaus registravimo laiko, kuris gali b\u016bti apmokestinamas<br \/>papildomai.<\/p><p><strong>Kliento sutikimas ir pareigos<\/strong><\/p><p>Klientas yra atsakingas u\u017e savo gyv\u016bno elges\u012f ir veiksmus bei d\u0117l j\u0173 kylan\u010di\u0173 pasekmi\u0173<br \/>Vie\u0161bu\u010dio apgyvendinimo laikotarpiu.<br \/>Klientas \u012fsipareigoja prie\u0161 paliekant savo augintin\u012f laikinai prie\u017ei\u016brai suteikti Vie\u0161bu\u010diui<br \/>teising\u0105 ir i\u0161sami\u0105 informacij\u0105 apie gyv\u016bn\u0105, apie gyv\u016bno ligas, dabartin\u0119 sveikatos b\u016bkl\u0119,<br \/>agresijos atvejus bei kit\u0105 informacij\u0105, kuri yra svarbi pri\u017ei\u016brint gyv\u016bn\u0105. Jeigu d\u0117l neteisingos<br \/>ar nepilnos informacijos pateikimas apie gyv\u016bn\u0105 yra patiriama bet kokio pob\u016bd\u017eio \u017eala, j\u0105<br \/>visa apimtimi atlygina Klientas.<br \/>Klientas \u012fsipareigoja prie\u0161 paliekant pirm\u0105 kart\u0105 savo augintin\u012f laikinam apgyvendinimui<br \/>Vie\u0161butyje, i\u0161 anksto atve\u017eti savo augintin\u012f, kad b\u016bt\u0173 galima \u012fvertinti \u0161uns geb\u0117jim\u0105<br \/>prisitaikyti prie naujos aplinkos.<br \/>Klientas \u012fsipareigoja pateikti informacij\u0105 apie gyv\u016bno skiepus ir j\u0173 galiojim\u0105 bei pateikti<br \/>gyv\u016bno skiepijim\u0105 bei \u017eenklinim\u0105 patvirtinan\u010dius dokumentus.<br \/>Klientas \u012fsipareigoja atsiimti gyv\u016bn\u0105 iki sutarto termino.<br \/>Klientas\u00a0 \u012fsipareigoja apmok\u0117ti visas i\u0161laidas, susijusias su gyv\u016bno laikina<br \/>prie\u017ei\u016bra, augintiniui susirgus ar susi\u017ealojus kai tame n\u0117ra Vie\u0161bu\u010dio kalt\u0117s, apmok\u0117ti<br \/>visas veterinarines i\u0161laidas, susijusias su augintinio gydymu.<br \/>Klientas patvirtina, kad yra susipa\u017ein\u0119s su gyv\u016bno laikino apgyvendinimo Vie\u0161butyje<br \/>s\u0105lygomis ir supranta \u0161iuo laikotarpiu galin\u010dias kilti nat\u016bralias rizikas ir pavojus.<br \/>Klientas sutinka, kad Vie\u0161butis, laikino apgyvendinimo laikotarpiu, gali talpinti gyv\u016bno<br \/>nuotraukas ir vaizdo med\u017eiag\u0105 vie\u0161bu\u010dio Facebook, Instagram paskyrose, bei<br \/>internetiniame puslapyje.<br \/>Jeigu klientas pa\u017eeid\u017eia savo pareig\u0105 atsiimti gyv\u016bn\u0105 i\u0161 Vie\u0161bu\u010dio ne v\u0117liau kaip sutart\u0105<br \/>dien\u0105 ir valand\u0105, tai Klientas privalo apmok\u0117ti kiekvien\u0105 laikino gyv\u016bno apgyvendinimo<br \/>Vie\u0161butyje par\u0105 pagal atitinkam\u0105 Vie\u0161bu\u010dio \u012fkainius ir papildomai sumok\u0117ti<br \/>50(penkiade\u0161imt) procent\u0173 vienos paros Vie\u0161bu\u010dio \u012fkainio baud\u0105 u\u017e kiekvien\u0105 pradelst\u0105<br \/>gyv\u016bno atsi\u0117mimo i\u0161 Vie\u0161bu\u010dio dien\u0105.<\/p><p>\u0160i nuostata nerei\u0161kia, kad Vie\u0161butis privalo Kliento gyv\u016bn\u0105 apgyvendinti Vie\u0161butyje<br \/>neribot\u0105 termin\u0105 ir netaikyti numatytos beprie\u017ei\u016brio gyv\u016bno perdavimo kompetentingam<br \/>subjekto tvarka. Vie\u0161butis pasilieka teis\u0119 pats nuspr\u0119sti, \u012fvertin\u0119s Vie\u0161bu\u010dio u\u017eimtum\u0105 ir<br \/>kitas svarbias aplinkybes, ar taikyti numatyt\u0105 beprie\u017ei\u016brio gyv\u016bno perdavimo atitinkamiems<br \/>subjektams tvark\u0105, ar apgyvendinti gyv\u016bn\u0105 Vie\u0161butyje papildomam terminui Kliento<br \/>s\u0105skaita. Gyv\u016bno apgyvendinimo Vie\u0161butyje papildomam terminui Kliento s\u0105skaita<br \/>laikotarpis negali b\u016bti ilgesnis kaip 7 paros.<\/p><p><strong>Augintini\u0173 vie\u0161bu\u010dio \"SORBIS \" teis\u0117s ir \u012fsipareigojimai:<\/strong><br \/><br \/>Vie\u0161butis \u012fsipareigoja tinkamai globoti jam patik\u0117t\u0105 gyv\u016bn\u0105 ir juo r\u016bpintis laikydamasis<br \/>Lietuvos Respublikoje galiojan\u010di\u0173 gyv\u016bn\u0173 glob\u0105, laikym\u0105, naudojim\u0105, perve\u017eim\u0105, elges\u012f su<br \/>gyv\u016bnais reglamentuojan\u010di\u0173 teis\u0117s akt\u0173 reikalavim\u0173; laikytis \u0161varos, tinkamai dezinfekuoti<br \/>ma\u017eiausiai 2 kartus per<br \/>par\u0105 vesti \u0161unis pasivaik\u0161\u010dioti; maitinti Gyv\u016bn\u0105 pagal gamintoj\u0173 rekomenduojam\u0105 arba<br \/>\u0161eiminink\u0173 nurodyt\u0105 norm\u0105; ma\u017eiausiai kart\u0105 per par\u0105 sutvarkyti Gyv\u016bno erdv\u0119.<br \/>Vie\u0161butis turi nedelsiant informuoti Klient\u0105, o, nepavykus su juo susisiekti, Kliento<br \/>kontaktin\u012f asmen\u012f apie gyv\u016bno sveikatos sutrikimus, susi\u017eeidim\u0105, nustatyt\u0105 poreik\u012f gydyti<br \/>gyv\u016bn\u0105 ar jo gai\u0161im\u0105. Vie\u0161butis \u012fsipareigoja susiekti su Klientu ir visais kitais einamaisiais<br \/>bei skubiais atvejais, kuomet gali kilti ir (ar) d\u0117l objektyvi\u0173 aplinkybi\u0173 kyla poreikis pakeisti<br \/>su Klientu sutartas laikino gyv\u016bno apgyvendinimo Vie\u0161butyje s\u0105lygos, o taip pat kiti<br \/>svarbiais su gyv\u016bno prie\u017ei\u016bra susijusiais klausimais. Nepavykus susisiekti su Klientu ir jo<br \/>rezervacijos anketoje nurodytu kontaktiniu asmeniui, Vie\u0161butis skubiais atvejais turi teis\u0119<br \/>pats priimti sprendimus, susijusius su gyv\u016bno sveikata ir (ar) gydymu, laikydamasis<br \/>veterinarijos gydytojo rekomendacij\u0173, kuomet tai yra objektyviai b\u016btina siekiant u\u017etikrinti<br \/>gyv\u016bno gerov\u0119 bei interesus.<\/p><p>Klientui neatsi\u0117mus gyv\u016bno su Vie\u0161bu\u010diu sutartais terminais ir nesusitarus su Vie\u0161bu\u010diu d\u0117l<br \/>gyv\u016bno laikinos prie\u017ei\u016bros termino prat\u0119simo, Vie\u0161butis turi teis\u0119 imtis galiojan\u010diuose teis\u0117s<br \/>aktuose numatyt\u0173 priemoni\u0173 d\u0117l be\u0161eimininki\u0173 gyv\u016bn\u0173 prie\u017ei\u016bros perdavimo<br \/>kompetentingiems subjektams.<\/p><p>Tuo atveju, jeigu pasibaigus sutartam terminui Klientas ar jo nurodytas kontaktinis asmuo<br \/>neatsiims gyv\u016bno i\u0161 Vie\u0161bu\u010dio ar iki sutarto termino pabaigos nebus susitar\u0119s su Vie\u0161bu\u010diu<br \/>d\u0117l laikino gyv\u016bno apgyvendinimo Vie\u0161butyje paslaug\u0173 prat\u0119simo, tai Vie\u0161butis, remiantis<br \/>galiojan\u010diais teis\u0117s aktais d\u0117l beprie\u017ei\u016bri\u0173 gyv\u016bn\u0173, \u012fsp\u0117s Klient\u0105 el. pa\u0161tu, kad gyv\u016bnas<br \/>sutartu laiku i\u0161 Vie\u0161bu\u010dio yra neatsiimtas ir jeigu jis nebus atsiimtas pra\u0117jus 1 (vienai) parai<br \/>nuo \u0161io prane\u0161imo i\u0161siuntimo dienos, tai Vie\u0161butis informuos policij\u0105 ir (ar) savivaldyb\u0117s<br \/>administracij\u0105 d\u0117l beprie\u017ei\u016brio gyv\u016bno buvimo jo \u017einioje ir tur\u0117s teis\u0119 perduoti bei perduos<br \/>gyv\u016bn\u0105 policijos ir (ar) savivaldyb\u0117s administracijos nurodytam subjektui ir (ar) bet kokiai<br \/>kitai vie\u0161ai ar priva\u010diai gyv\u016bn\u0173 globos \u012fstaigai, kuri sutinka perimti beprie\u017ei\u016brio gyv\u016bno<br \/>glob\u0105 bei prie\u017ei\u016br\u0105, o Klientas prival\u0117s atlyginti priverstinio gyv\u016bno apgyvendinimo ir<br \/>prie\u017ei\u016bros Vie\u0161butyje \u012fkain\u012f u\u017e kiekvien\u0105 par\u0105 bei 50 (penkiasde\u0161imt) procent\u0173 vienos paros<br \/>gyv\u016bno apgyvendinimo Vie\u0161butyje \u012fkainio baud\u0105 u\u017e kiekvien\u0105 pradelst\u0105 gyv\u016bno atsi\u0117mimo<br \/>i\u0161 Vie\u0161bu\u010dio dien\u0105.<\/p><p>Vie\u0161butis turi teis\u0119 prioritet\u0105 teikti gyv\u016bno gerovei ir interesams, kuomet yra vertinamas<br \/>Vie\u0161bu\u010dio, Kliento ir gyv\u016bno teisinis santykis.<br \/>Vie\u0161butis \u012fsipareigoja teikti informacij\u0105 Klientui apie jo gyv\u016bno prie\u017ei\u016br\u0105 ir esam\u0105 sveikat\u0105<br \/>b\u016bkl\u0119.<br \/>Vie\u0161butis \u012fsipareigoja pri\u017ei\u016br\u0117ti augintinius pagal Kliento pateiktus nurodymus, jei tai<br \/>neprie\u0161tarauja gyv\u016bno gerovei.<br \/>Vie\u0161butis \u012fsipareigoja filmuoti bei fotografuoti augintinius, kad Klientas matyt\u0173 kaip j\u0173<br \/>augintinis jau\u010diasi<\/p><p><strong>Apmok\u0117jimo s\u0105lygos<\/strong><\/p><p>U\u017e Vie\u0161bu\u010dio suteikiamas paslaugas Klientas apmoka pagal galiojan\u010dius paslaug\u0173 teik\u0117jus<br \/>\u012fkainius<br \/>Paslaug\u0173 \u012fkainiai nurodomi Vie\u0161bu\u010dio internetin\u0117je svetain\u0117je<\/p><p>Tuo atveju, jeigu Vie\u0161bu\u010diui tekt\u0173 suteikti papildomas paslaugas ir (ar) patirti<br \/>papildomas i\u0161laidas d\u0117l gyv\u016bno prie\u017ei\u016bros (pavyzd\u017eiui, b\u016btinos veterinarin\u0117s pagalbos<br \/>suteikimas, kuomet veterinarin\u0117 pagalba yra b\u016btina ne d\u0117l Vie\u0161bu\u010dio kalt\u0117s, Klientas<br \/>gyv\u016bn\u0105 i\u0161 Vie\u0161bu\u010dio i\u0161registruoja ir atsiima v\u0117liau negu susitarta ir pan.), ar gyv\u016bno<br \/>padarytos \u017ealos Vie\u0161bu\u010dio inventoriui ir (ar) patalpoms, Klientas privalo apmok\u0117ti<br \/>Vie\u0161bu\u010dio papildomai suteiktas paslaugas ir (ar) patirtas i\u0161laidas pagal Vie\u0161bu\u010dio<br \/>pateikt\u0105 informacij\u0105 bei dokumentus. Informacija apie papildomai Vie\u0161bu\u010dio suteiktas<br \/>papildomas paslaugas ir (ar) Vie\u0161bu\u010dio papildomos i\u0161laidos yra pateikiama Klientui<br \/>atsiimant gyv\u016bn\u0105 arba ra\u0161tu pateikiama Klientui v\u0117liau, jeigu tokios informacijos<br \/>objektyviai nebuvo galima pateikti i\u0161karto.<br \/>Klientas u\u017e paslaugas Vie\u0161bu\u010diui turi sumok\u0117ti piln\u0105 kain\u0105 \"Gyv\u016bno laikino<br \/>apgyvendinimo vie\u0161butyje vie\u0161nag\u0117s\u00a0 metu, jeigu Klientas su Vie\u0161bu\u010diu<br \/>individualiai nesusitaria d\u0117l kitoki\u0173 mok\u0117jimo termin\u0173. Tuo atveju, jeigu klientui buvo<br \/>suteiktos papildomos paslaugos, Klientas su Vie\u0161bu\u010diu turi pilnai atsiskaityti ne v\u0117liau<br \/>kaip Gyv\u016bno i\u0161registravimo i\u0161 Vie\u0161bu\u010dio dien\u0105, t.y. gr\u0105\u017einant gyv\u016bn\u0105 Klientui, jeigu<br \/>Klientas ir Vie\u0161butis nesusitaria kitaip.<br \/>\u012e Vie\u0161bu\u010dio kain\u0105 yra \u012fskai\u010diuotas 30 Eur rezervacijos mokestis, kur\u012f Klientas sumoka<br \/>u\u017esakydamas paslaug\u0105.  Atsisakius rezervacijos mokestis n\u0117ra gr\u0105\u017einamas.<br \/>Klientas gali sumok\u0117ti vis\u0105 sum\u0105 u\u017e pasirinktas paslaugas rezervuodamas kambar\u012f<br \/>laikinam apgyvendinimui.<\/p>\t\t\t\t\t\t<\/div>\n\t\t\t\t<\/div>\n\t\t\t\t\t<\/div>\n\t\t<\/div>\n\t\t\t\t\t<\/div>\n\t\t<\/section>\n\t\t\t\t<\/div>","protected":false},"excerpt":{"rendered":"<p>Augintini\u0173 vie\u0161bu\u010dio \u201eSorbis\u201c taisykl\u0117s Gyv\u016bn\u0173 pri\u0117mimo ir atsi\u0117mimo taisykl\u0117s:Vie\u0161butis priima tik tuos gyv\u016bnus, kurie n\u0117ra agresyv\u016bs \u017emon\u0117ms.Vie\u0161butyje gali b\u016bti laikinai apgyvendinami ir pri\u017ei\u016brimi augintiniai ne jaunesni kaip 6 m\u0117nesi\u0173.Vie\u0161butyje yra priimami tik vakcinuoti \u0161unys ir kat\u0117s.\u0160unys ir kat\u0117s privalo b\u016bti vakcinuoti nuo pasiutlig\u0117s;\u0160unys privalo b\u016bti vakcinuoti nuo m\u0117s\u0117d\u017ei\u0173 maro, m\u0117s\u0117d\u017ei\u0173 virusinio enterito ir infekciniohepatito;Kat\u0117s privalo [&hellip;]<\/p>","protected":false},"author":1,"featured_media":0,"parent":0,"menu_order":0,"comment_status":"closed","ping_status":"closed","template":"","meta":{"footnotes":""},"class_list":["post-1534","page","type-page","status-publish","hentry"],"acf":[],"_links":{"self":[{"href":"https:\/\/sorbis.lt\/lt\/wp-json\/wp\/v2\/pages\/1534"}],"collection":[{"href":"https:\/\/sorbis.lt\/lt\/wp-json\/wp\/v2\/pages"}],"about":[{"href":"https:\/\/sorbis.lt\/lt\/wp-json\/wp\/v2\/types\/page"}],"author":[{"embeddable":true,"href":"https:\/\/sorbis.lt\/lt\/wp-json\/wp\/v2\/users\/1"}],"replies":[{"embeddable":true,"href":"https:\/\/sorbis.lt\/lt\/wp-json\/wp\/v2\/comments?post=1534"}],"version-history":[{"count":19,"href":"https:\/\/sorbis.lt\/lt\/wp-json\/wp\/v2\/pages\/1534\/revisions"}],"predecessor-version":[{"id":2799,"href":"https:\/\/sorbis.lt\/lt\/wp-json\/wp\/v2\/pages\/1534\/revisions\/2799"}],"wp:attachment":[{"href":"https:\/\/sorbis.lt\/lt\/wp-json\/wp\/v2\/media?parent=1534"}],"curies":[{"name":"wp","href":"https:\/\/api.w.org\/{rel}","templated":true}]}}